{"id":1814,"date":"2015-08-06T17:10:19","date_gmt":"2015-08-06T15:10:19","guid":{"rendered":"http:\/\/s2s.dns-spain.com\/uso-de-cookies\/"},"modified":"2019-03-15T00:14:45","modified_gmt":"2019-03-14T23:14:45","slug":"uso-de-cookies","status":"publish","type":"page","link":"https:\/\/www.steptoshape.com\/en\/uso-de-cookies\/","title":{"rendered":"Uso de Cookies"},"content":{"rendered":"<p><strong>Pol\u00edtica de cookies<\/strong><\/p>\n<p><strong>\u00bfQu\u00e9 son las <em>cookies<\/em>?<\/strong><\/p>\n<p>Las <em>cookies<\/em> son peque\u00f1os archivos de datos que se reciben en el terminal desde el sitio web visitado y se usan para registrar ciertas interacciones de la navegaci\u00f3n en un sitio web almacenando datos que podr\u00e1n ser actualizados y recuperados. Estos archivos se almacenan en el ordenador del usuario y contienen datos an\u00f3nimos que no son perjudiciales para su equipo. Se utilizan para recordar las preferencias del usuario, como el idioma seleccionado, datos de acceso o personalizaci\u00f3n de la p\u00e1gina.<\/p>\n<p>Las <em>cookies <\/em>tambi\u00e9n pueden ser utilizadas para registrar informaci\u00f3n an\u00f3nima acerca de c\u00f3mo un visitante utiliza un sitio. Por ejemplo, desde qu\u00e9 p\u00e1gina web ha accedido o si ha utilizado un banner publicitario para llegar.<\/p>\n<p><strong>\u00bfPor qu\u00e9 el MLS TEXTILES 1992, S.L. utiliza <em>cookies<\/em>?<\/strong><\/p>\n<p>MLS TEXTILES 1992, S.L. utiliza <em>cookies<\/em> estrictamente necesarias y esenciales para que usted utilice nuestros sitios web y le permitan moverse libremente, utilizar \u00e1reas seguras, opciones personalizadas, etc. Adem\u00e1s, nuestra empresa utiliza <em>cookies <\/em>que recogen datos relativos al an\u00e1lisis de uso de la web. \u00c9stas se utilizan para ayudar a mejorar el servicio al cliente, midiendo el uso y el rendimiento de la p\u00e1gina para optimizarla y personalizarla. Nuestros sitios tambi\u00e9n pueden tener enlaces de redes sociales (como Facebook o Twitter). MLS TEXTILES 1992, S.L. no controla las <em>cookies<\/em> utilizadas por estas webs externas. Para m\u00e1s informaci\u00f3n sobre las <em>cookies<\/em> de las redes sociales u otras webs ajenas, le aconsejamos revisar sus propias pol\u00edticas de <em>cookies<\/em>.<\/p>\n<p><strong>\u00bfC\u00f3mo puedo cambiar la configuraci\u00f3n de las <em>cookies<\/em>?<\/strong><\/p>\n<p><a href=\"http:\/\/windows.microsoft.com\/es-es\/windows-vista\/block-or-allow-cookies\">Configuraci\u00f3n de <em>cookies<\/em> de Internet Explorer<\/a><\/p>\n<p><a href=\"http:\/\/support.mozilla.org\/es\/kb\/habilitar-y-deshabilitar-cookies-que-los-sitios-we\">Configuraci\u00f3n de <em>cookies<\/em> de Firefox<\/a><\/p>\n<p><a href=\"http:\/\/support.google.com\/chrome\/bin\/answer.py?hl=es&amp;answer=95647\">Configuraci\u00f3n de <em>cookies<\/em> de Google Chrome<\/a><\/p>\n<p><a href=\"http:\/\/www.apple.com\/legal\/privacy\/es\/cookies\/\">Configuraci\u00f3n de <em>cookies<\/em> de Safari<\/a><\/p>\n<p><a href=\"http:\/\/www.macromedia.com\/support\/documentation\/es\/flashplayer\/help\/settings_manager03.html\">Configuraci\u00f3n de cookies Flash<\/a><\/p>\n<p>Si desea no permitir almacenar ning\u00fan tipo de dato de flash player, deseleccione las casillas \u201cPermitir que el contenido de Flash almacene informaci\u00f3n en el equipo\u201d y \u201cAlmacenar los componentes comunes de Flash para reducir los tiempos de descarga\u201d. Si desea limitar la cantidad de datos recogidos por las aplicaciones flash deslice el indicador de la barra del panel de configuraci\u00f3n global de almacenamiento en la posici\u00f3n que desee.<\/p>\n<p>Estos navegadores est\u00e1n sometidos a actualizaciones o modificaciones, por lo que no podemos garantizar que se ajusten completamente a la versi\u00f3n de su navegador. Tambi\u00e9n puede ser que utilice otro navegador no contemplado en estos enlaces como Konqueror, Arora, Flock, etc. Para evitar estos desajustes, puede acceder directamente desde las opciones de su navegador, generalmente en el men\u00fa de &#8220;Opciones&#8221; en la secci\u00f3n de &#8220;Privacidad&#8221; (por favor, consulte la ayuda de su navegador para m\u00e1s informaci\u00f3n.)<\/p>\n<p><strong>Revocaci\u00f3n del consentimiento<\/strong><\/p>\n<p>Tambi\u00e9n es posible limitar como las webs de terceros instalan cookies en su ordenador, para evitar la recolecci\u00f3n de datos y registro de su actividad de navegaci\u00f3n. Para limitar el uso de <em>cookies<\/em> de terceros puede dirigirse a la web de configuraci\u00f3n u OptOut:<\/p>\n<ul>\n<li><a href=\"https:\/\/tools.google.com\/dlpage\/gaoptout?hl=None\">Google Analytics<\/a><\/li>\n<li><a href=\"https:\/\/www.google.com\/settings\/ads\/plugin\">DoubleClick<\/a><\/li>\n<li><a href=\"https:\/\/www.google.com\/settings\/ads\">Google<\/a><\/li>\n<li><a href=\"http:\/\/www.macromedia.com\/support\/documentation\/es\/flashplayer\/help\/settings_manager07.html\">Flash Cookies YouTube<\/a><\/li>\n<\/ul>\n<p>Seleccione la opci\u00f3n \u201cEliminar todos los sitios\u201d o seleccione la web espec\u00edfica que desee borrar y \u201cEliminar Sitio Web\u201d.<\/p>\n<p>Tenga en cuenta que si rechaza o borra las <em>cookies<\/em> de navegaci\u00f3n por la web del banco, no podremos mantener sus preferencias, algunas caracter\u00edsticas de las p\u00e1ginas no estar\u00e1n operativas, no podremos ofrecerle servicios personalizados y cada vez que vaya a navegar por nuestra web tendremos que solicitarle de nuevo su autorizaci\u00f3n para el uso de <em>cookies<\/em>.<\/p>\n<p>Si aun as\u00ed decide modificar la configuraci\u00f3n de su acceso a la p\u00e1gina web, debe saber que es posible eliminar las cookies o impedir que se registre esta informaci\u00f3n en su equipo en cualquier momento mediante la modificaci\u00f3n de los par\u00e1metros de configuraci\u00f3n de su navegador.<\/p>\n<p>Si acepta nuestras <em>cookies<\/em>, nos permite la mejora de las webs de MLS TEXTILES 1992, S.L. para ofrecerle un acceso \u00f3ptimo y darle un servicio m\u00e1s eficaz y personalizado.<\/p>\n<p>Adem\u00e1s, usted puede configurar su navegador para establecer que s\u00f3lo los sitios web de confianza o las p\u00e1ginas por las que est\u00e1 navegando en este momento puedan gestionar cookies, lo que le permite seleccionar sus preferencias.<\/p>\n<p>Proporcionando esta pol\u00edtica, MLS TEXTILES 1992, S.L. demuestra el compromiso adquirido con la legislaci\u00f3n vigente sobre el uso de cookies, proporcion\u00e1ndole informaci\u00f3n para que usted pueda comprender qu\u00e9 tipo de cookies utilizamos y por qu\u00e9 lo hacemos. Con esto, pretendemos proporcionarle transparencia en cuanto a los datos tratados acerca de la navegaci\u00f3n realizada desde su equipo en nuestra web.<\/p>\n<p>Esta pol\u00edtica se revisa peri\u00f3dicamente para asegurar su vigencia, por lo que puede ser modificada. Le recomendamos que visite la p\u00e1gina con regularidad, donde le informaremos de cualquier actualizaci\u00f3n al respecto.<\/p>\n<p>\u00a9 MLS TEXTILES 1992, S.L.<\/p>\n<p>&nbsp;<\/p>\n","protected":false},"excerpt":{"rendered":"<p>Pol\u00edtica de cookies \u00bfQu\u00e9 son las cookies? Las cookies son peque\u00f1os archivos de datos que se reciben en el terminal desde el sitio web visitado y se usan para registrar ciertas interacciones de la navegaci\u00f3n en un sitio web almacenando datos que podr\u00e1n ser actualizados y recuperados. Estos archivos se almacenan en el ordenador del &hellip; <a href=\"https:\/\/www.steptoshape.com\/en\/uso-de-cookies\/\" class=\"more-link\">Continue reading <span class=\"screen-reader-text\">Uso de Cookies<\/span><\/a><\/p>\n","protected":false},"author":1,"featured_media":0,"parent":0,"menu_order":0,"comment_status":"closed","ping_status":"closed","template":"page-institucionales.php","meta":{"footnotes":""},"class_list":["post-1814","page","type-page","status-publish","hentry"],"_links":{"self":[{"href":"https:\/\/www.steptoshape.com\/en\/wp-json\/wp\/v2\/pages\/1814","targetHints":{"allow":["GET"]}}],"collection":[{"href":"https:\/\/www.steptoshape.com\/en\/wp-json\/wp\/v2\/pages"}],"about":[{"href":"https:\/\/www.steptoshape.com\/en\/wp-json\/wp\/v2\/types\/page"}],"author":[{"embeddable":true,"href":"https:\/\/www.steptoshape.com\/en\/wp-json\/wp\/v2\/users\/1"}],"replies":[{"embeddable":true,"href":"https:\/\/www.steptoshape.com\/en\/wp-json\/wp\/v2\/comments?post=1814"}],"version-history":[{"count":5,"href":"https:\/\/www.steptoshape.com\/en\/wp-json\/wp\/v2\/pages\/1814\/revisions"}],"predecessor-version":[{"id":1850,"href":"https:\/\/www.steptoshape.com\/en\/wp-json\/wp\/v2\/pages\/1814\/revisions\/1850"}],"wp:attachment":[{"href":"https:\/\/www.steptoshape.com\/en\/wp-json\/wp\/v2\/media?parent=1814"}],"curies":[{"name":"wp","href":"https:\/\/api.w.org\/{rel}","templated":true}]}}